{"id":760,"date":"2025-05-08T17:38:43","date_gmt":"2025-05-08T15:38:43","guid":{"rendered":"https:\/\/atchave.com\/?post_type=product&#038;p=760"},"modified":"2025-05-08T17:40:03","modified_gmt":"2025-05-08T15:40:03","slug":"gel-douche","status":"publish","type":"product","link":"https:\/\/atchave.com\/index.php\/produit\/gel-douche\/","title":{"rendered":"GEL DOUCHE"},"content":{"rendered":"<p>ATCHAVE<\/p>\n<p>GEL DOUCHE con\u00e7us \u00e0 partir d&#8217;une base lavante douce<\/p>\n<p>d&#8217;origine coco ,les gels douche Atchave transforment chaque douche en un instant<\/p>\n<p>d&#8217;\u00e9vasion leur parfum envo\u00fbtant, \u00e9labor\u00e9 avec soin par les parfumeurs de Grasse,<\/p>\n<p>invite \u00e0 la relaxation et au bien \u00eatre<\/p>\n<p>:4 PARFUMS<\/p>\n<p>FLEUR D&#8217;ORANGER<\/p>\n<p>TH\u00c9 VERT<\/p>\n<p>VANILLE<\/p>\n<p>ROSE<\/p>\n<p>250 ML<\/p>\n","protected":false},"excerpt":{"rendered":"<p>ATCHAVE GEL DOUCHE con\u00e7us \u00e0 partir d&#8217;une base lavante douce d&#8217;origine coco ,les gels douche Atchave transforment chaque douche en un instant d&#8217;\u00e9vasion leur parfum envo\u00fbtant, \u00e9labor\u00e9 avec soin par les parfumeurs de Grasse, invite \u00e0 la relaxation et au bien \u00eatre :4 PARFUMS FLEUR D&#8217;ORANGER TH\u00c9 VERT VANILLE ROSE 250 ML<\/p>\n","protected":false},"featured_media":758,"comment_status":"open","ping_status":"closed","template":"","meta":{"_uag_custom_page_level_css":""},"product_brand":[],"product_cat":[112,116,118,68,69],"product_tag":[],"class_list":{"0":"post-760","1":"product","2":"type-product","3":"status-publish","4":"has-post-thumbnail","6":"product_cat-beautes","7":"product_cat-cremes-hydratantes","8":"product_cat-cremes-hydratantes-corps","9":"product_cat-femmes","10":"product_cat-hommes","12":"first","13":"instock","14":"purchasable","15":"product-type-simple"},"uagb_featured_image_src":{"full":["https:\/\/atchave.com\/wp-content\/uploads\/2025\/05\/20250507_184347-6-1.jpg",1440,1920,false],"thumbnail":["https:\/\/atchave.com\/wp-content\/uploads\/2025\/05\/20250507_184347-6-1-150x150.jpg",150,150,true],"medium":["https:\/\/atchave.com\/wp-content\/uploads\/2025\/05\/20250507_184347-6-1-225x300.jpg",225,300,true],"medium_large":["https:\/\/atchave.com\/wp-content\/uploads\/2025\/05\/20250507_184347-6-1-768x1024.jpg",768,1024,true],"large":["https:\/\/atchave.com\/wp-content\/uploads\/2025\/05\/20250507_184347-6-1-768x1024.jpg",768,1024,true],"1536x1536":["https:\/\/atchave.com\/wp-content\/uploads\/2025\/05\/20250507_184347-6-1-1152x1536.jpg",1152,1536,true],"2048x2048":["https:\/\/atchave.com\/wp-content\/uploads\/2025\/05\/20250507_184347-6-1.jpg",1440,1920,false],"woocommerce_thumbnail":["https:\/\/atchave.com\/wp-content\/uploads\/2025\/05\/20250507_184347-6-1-300x300.jpg",300,300,true],"woocommerce_single":["https:\/\/atchave.com\/wp-content\/uploads\/2025\/05\/20250507_184347-6-1-600x800.jpg",600,800,true],"woocommerce_gallery_thumbnail":["https:\/\/atchave.com\/wp-content\/uploads\/2025\/05\/20250507_184347-6-1-100x100.jpg",100,100,true]},"uagb_author_info":{"display_name":"ATCHAVE","author_link":"https:\/\/atchave.com\/index.php\/author\/"},"uagb_comment_info":0,"uagb_excerpt":"ATCHAVE GEL DOUCHE con\u00e7us \u00e0 partir d&#8217;une base lavante douce d&#8217;origine coco ,les gels douche Atchave transforment chaque douche en un instant d&#8217;\u00e9vasion leur parfum envo\u00fbtant, \u00e9labor\u00e9 avec soin par les parfumeurs de Grasse, invite \u00e0 la relaxation et au bien \u00eatre :4 PARFUMS FLEUR D&#8217;ORANGER TH\u00c9 VERT VANILLE ROSE 250 ML","jetpack_sharing_enabled":true,"_links":{"self":[{"href":"https:\/\/atchave.com\/index.php\/wp-json\/wp\/v2\/product\/760","targetHints":{"allow":["GET"]}}],"collection":[{"href":"https:\/\/atchave.com\/index.php\/wp-json\/wp\/v2\/product"}],"about":[{"href":"https:\/\/atchave.com\/index.php\/wp-json\/wp\/v2\/types\/product"}],"replies":[{"embeddable":true,"href":"https:\/\/atchave.com\/index.php\/wp-json\/wp\/v2\/comments?post=760"}],"wp:featuredmedia":[{"embeddable":true,"href":"https:\/\/atchave.com\/index.php\/wp-json\/wp\/v2\/media\/758"}],"wp:attachment":[{"href":"https:\/\/atchave.com\/index.php\/wp-json\/wp\/v2\/media?parent=760"}],"wp:term":[{"taxonomy":"product_brand","embeddable":true,"href":"https:\/\/atchave.com\/index.php\/wp-json\/wp\/v2\/product_brand?post=760"},{"taxonomy":"product_cat","embeddable":true,"href":"https:\/\/atchave.com\/index.php\/wp-json\/wp\/v2\/product_cat?post=760"},{"taxonomy":"product_tag","embeddable":true,"href":"https:\/\/atchave.com\/index.php\/wp-json\/wp\/v2\/product_tag?post=760"}],"curies":[{"name":"wp","href":"https:\/\/api.w.org\/{rel}","templated":true}]}}