{"id":756,"date":"2025-05-08T17:17:39","date_gmt":"2025-05-08T15:17:39","guid":{"rendered":"https:\/\/atchave.com\/?post_type=product&#038;p=756"},"modified":"2025-05-08T17:19:10","modified_gmt":"2025-05-08T15:19:10","slug":"huile-de-massage","status":"publish","type":"product","link":"https:\/\/atchave.com\/index.php\/produit\/huile-de-massage\/","title":{"rendered":"HUILE DE MASSAGE"},"content":{"rendered":"<p>ATCHAVE<\/p>\n<p>Huile de massage<\/p>\n<p>Riche en huile v\u00e9g\u00e9tale pr\u00e9cieuses comme I&#8217;Amande Douce,I&#8217;Abricot le L&#8217;in,le Jojoba et I&#8217;Argan, nos huiles<\/p>\n<p>de massages subliment la peau gr\u00e2ce \u00e0 leur synergie unique ,Parfum\u00e9es avec finesse par nos parfumeurs de<\/p>\n<p>Grasse.elle promettent une exp\u00e9rience sensorielle inoubliable et un soin d\u00e9licat pour chaque type de peau.<\/p>\n<p>4 PARFUMS<\/p>\n<p>FLEUR D&#8217;ORANGER<\/p>\n<p>TH\u00c9 VERT<\/p>\n<p>VANILLE<\/p>\n<p>ROSE<\/p>\n<p>250 ML<\/p>\n","protected":false},"excerpt":{"rendered":"<p>ATCHAVE Huile de massage Riche en huile v\u00e9g\u00e9tale pr\u00e9cieuses comme I&#8217;Amande Douce,I&#8217;Abricot le L&#8217;in,le Jojoba et I&#8217;Argan, nos huiles de massages subliment la peau gr\u00e2ce \u00e0 leur synergie unique ,Parfum\u00e9es avec finesse par nos parfumeurs de Grasse.elle promettent une exp\u00e9rience sensorielle inoubliable et un soin d\u00e9licat pour chaque type de peau. 4 PARFUMS FLEUR D&#8217;ORANGER [&#8230;]\n","protected":false},"featured_media":759,"comment_status":"open","ping_status":"closed","template":"","meta":{"_uag_custom_page_level_css":""},"product_brand":[],"product_cat":[112,116,118,68,69],"product_tag":[],"class_list":{"0":"post-756","1":"product","2":"type-product","3":"status-publish","4":"has-post-thumbnail","6":"product_cat-beautes","7":"product_cat-cremes-hydratantes","8":"product_cat-cremes-hydratantes-corps","9":"product_cat-femmes","10":"product_cat-hommes","12":"first","13":"instock","14":"taxable","15":"shipping-taxable","16":"purchasable","17":"product-type-simple"},"uagb_featured_image_src":{"full":["https:\/\/atchave.com\/wp-content\/uploads\/2025\/05\/1000221296.png",2048,2048,false],"thumbnail":["https:\/\/atchave.com\/wp-content\/uploads\/2025\/05\/1000221296-150x150.png",150,150,true],"medium":["https:\/\/atchave.com\/wp-content\/uploads\/2025\/05\/1000221296-300x300.png",300,300,true],"medium_large":["https:\/\/atchave.com\/wp-content\/uploads\/2025\/05\/1000221296-768x768.png",768,768,true],"large":["https:\/\/atchave.com\/wp-content\/uploads\/2025\/05\/1000221296-1024x1024.png",1020,1020,true],"1536x1536":["https:\/\/atchave.com\/wp-content\/uploads\/2025\/05\/1000221296-1536x1536.png",1536,1536,true],"2048x2048":["https:\/\/atchave.com\/wp-content\/uploads\/2025\/05\/1000221296.png",2048,2048,false],"woocommerce_thumbnail":["https:\/\/atchave.com\/wp-content\/uploads\/2025\/05\/1000221296-300x300.png",300,300,true],"woocommerce_single":["https:\/\/atchave.com\/wp-content\/uploads\/2025\/05\/1000221296-600x600.png",600,600,true],"woocommerce_gallery_thumbnail":["https:\/\/atchave.com\/wp-content\/uploads\/2025\/05\/1000221296-100x100.png",100,100,true]},"uagb_author_info":{"display_name":"ATCHAVE","author_link":"https:\/\/atchave.com\/index.php\/author\/"},"uagb_comment_info":0,"uagb_excerpt":"ATCHAVE Huile de massage Riche en huile v\u00e9g\u00e9tale pr\u00e9cieuses comme I&#8217;Amande Douce,I&#8217;Abricot le L&#8217;in,le Jojoba et I&#8217;Argan, nos huiles de massages subliment la peau gr\u00e2ce \u00e0 leur synergie unique ,Parfum\u00e9es avec finesse par nos parfumeurs de Grasse.elle promettent une exp\u00e9rience sensorielle inoubliable et un soin d\u00e9licat pour chaque type de peau. 4 PARFUMS FLEUR D&#8217;ORANGER\u2026","jetpack_sharing_enabled":true,"_links":{"self":[{"href":"https:\/\/atchave.com\/index.php\/wp-json\/wp\/v2\/product\/756","targetHints":{"allow":["GET"]}}],"collection":[{"href":"https:\/\/atchave.com\/index.php\/wp-json\/wp\/v2\/product"}],"about":[{"href":"https:\/\/atchave.com\/index.php\/wp-json\/wp\/v2\/types\/product"}],"replies":[{"embeddable":true,"href":"https:\/\/atchave.com\/index.php\/wp-json\/wp\/v2\/comments?post=756"}],"wp:featuredmedia":[{"embeddable":true,"href":"https:\/\/atchave.com\/index.php\/wp-json\/wp\/v2\/media\/759"}],"wp:attachment":[{"href":"https:\/\/atchave.com\/index.php\/wp-json\/wp\/v2\/media?parent=756"}],"wp:term":[{"taxonomy":"product_brand","embeddable":true,"href":"https:\/\/atchave.com\/index.php\/wp-json\/wp\/v2\/product_brand?post=756"},{"taxonomy":"product_cat","embeddable":true,"href":"https:\/\/atchave.com\/index.php\/wp-json\/wp\/v2\/product_cat?post=756"},{"taxonomy":"product_tag","embeddable":true,"href":"https:\/\/atchave.com\/index.php\/wp-json\/wp\/v2\/product_tag?post=756"}],"curies":[{"name":"wp","href":"https:\/\/api.w.org\/{rel}","templated":true}]}}