{"id":749,"date":"2025-05-03T19:22:51","date_gmt":"2025-05-03T17:22:51","guid":{"rendered":"https:\/\/atchave.com\/?post_type=product&#038;p=749"},"modified":"2025-07-11T00:52:53","modified_gmt":"2025-07-10T22:52:53","slug":"akonor-n2","status":"publish","type":"product","link":"https:\/\/atchave.com\/index.php\/produit\/akonor-n2\/","title":{"rendered":"AKONOR N\u00b02"},"content":{"rendered":"<p>ATCHAVE<\/p>\n<p>AKONOR EAU DE PARFUM<\/p>\n<p>ORIENTAL VANILL\u00c9 ZN<\/p>\n<p>Amande, Carvi<\/p>\n<p>Tub\u00e9reuse;<\/p>\n<p>Jasmin<\/p>\n<p>vanille,<\/p>\n<p>Ambre<\/p>\n<p>FABRIQU\u00c9 \u00c0 GRASSE<\/p>\n<p>100ML<\/p>\n<p>&nbsp;<\/p>\n","protected":false},"excerpt":{"rendered":"<p>ATCHAVE AKONOR EAU DE PARFUM ORIENTAL VANILL\u00c9 ZN Amande, Carvi Tub\u00e9reuse; Jasmin vanille, Ambre FABRIQU\u00c9 \u00c0 GRASSE 100ML &nbsp;<\/p>\n","protected":false},"featured_media":750,"comment_status":"open","ping_status":"closed","template":"","meta":{"_uag_custom_page_level_css":""},"product_brand":[],"product_cat":[68,72],"product_tag":[],"class_list":{"0":"post-749","1":"product","2":"type-product","3":"status-publish","4":"has-post-thumbnail","6":"product_cat-femmes","7":"product_cat-parfums-femmes","9":"first","10":"instock","11":"taxable","12":"shipping-taxable","13":"purchasable","14":"product-type-simple"},"uagb_featured_image_src":{"full":["https:\/\/atchave.com\/wp-content\/uploads\/2025\/05\/20250425_181917-9.jpg",1440,1920,false],"thumbnail":["https:\/\/atchave.com\/wp-content\/uploads\/2025\/05\/20250425_181917-9-150x150.jpg",150,150,true],"medium":["https:\/\/atchave.com\/wp-content\/uploads\/2025\/05\/20250425_181917-9-225x300.jpg",225,300,true],"medium_large":["https:\/\/atchave.com\/wp-content\/uploads\/2025\/05\/20250425_181917-9-768x1024.jpg",768,1024,true],"large":["https:\/\/atchave.com\/wp-content\/uploads\/2025\/05\/20250425_181917-9-768x1024.jpg",768,1024,true],"1536x1536":["https:\/\/atchave.com\/wp-content\/uploads\/2025\/05\/20250425_181917-9-1152x1536.jpg",1152,1536,true],"2048x2048":["https:\/\/atchave.com\/wp-content\/uploads\/2025\/05\/20250425_181917-9.jpg",1440,1920,false],"woocommerce_thumbnail":["https:\/\/atchave.com\/wp-content\/uploads\/2025\/05\/20250425_181917-9-300x300.jpg",300,300,true],"woocommerce_single":["https:\/\/atchave.com\/wp-content\/uploads\/2025\/05\/20250425_181917-9-600x800.jpg",600,800,true],"woocommerce_gallery_thumbnail":["https:\/\/atchave.com\/wp-content\/uploads\/2025\/05\/20250425_181917-9-100x100.jpg",100,100,true]},"uagb_author_info":{"display_name":"ATCHAVE","author_link":"https:\/\/atchave.com\/index.php\/author\/"},"uagb_comment_info":0,"uagb_excerpt":"ATCHAVE AKONOR EAU DE PARFUM ORIENTAL VANILL\u00c9 ZN Amande, Carvi Tub\u00e9reuse; Jasmin vanille, Ambre FABRIQU\u00c9 \u00c0 GRASSE 100ML &nbsp;","jetpack_sharing_enabled":true,"_links":{"self":[{"href":"https:\/\/atchave.com\/index.php\/wp-json\/wp\/v2\/product\/749","targetHints":{"allow":["GET"]}}],"collection":[{"href":"https:\/\/atchave.com\/index.php\/wp-json\/wp\/v2\/product"}],"about":[{"href":"https:\/\/atchave.com\/index.php\/wp-json\/wp\/v2\/types\/product"}],"replies":[{"embeddable":true,"href":"https:\/\/atchave.com\/index.php\/wp-json\/wp\/v2\/comments?post=749"}],"wp:featuredmedia":[{"embeddable":true,"href":"https:\/\/atchave.com\/index.php\/wp-json\/wp\/v2\/media\/750"}],"wp:attachment":[{"href":"https:\/\/atchave.com\/index.php\/wp-json\/wp\/v2\/media?parent=749"}],"wp:term":[{"taxonomy":"product_brand","embeddable":true,"href":"https:\/\/atchave.com\/index.php\/wp-json\/wp\/v2\/product_brand?post=749"},{"taxonomy":"product_cat","embeddable":true,"href":"https:\/\/atchave.com\/index.php\/wp-json\/wp\/v2\/product_cat?post=749"},{"taxonomy":"product_tag","embeddable":true,"href":"https:\/\/atchave.com\/index.php\/wp-json\/wp\/v2\/product_tag?post=749"}],"curies":[{"name":"wp","href":"https:\/\/api.w.org\/{rel}","templated":true}]}}