{"id":746,"date":"2025-05-03T18:56:25","date_gmt":"2025-05-03T16:56:25","guid":{"rendered":"https:\/\/atchave.com\/?post_type=product&#038;p=746"},"modified":"2025-07-11T00:54:10","modified_gmt":"2025-07-10T22:54:10","slug":"tete-a-tete-2","status":"publish","type":"product","link":"https:\/\/atchave.com\/index.php\/produit\/tete-a-tete-2\/","title":{"rendered":"T\u00caTE \u00c0 T\u00caTE INTENSE"},"content":{"rendered":"<p>ATCHAVE<\/p>\n<p>T\u00caTE \u00c0 T\u00caTE \u00a0 EAU DE PARFUM<\/p>\n<p>intense Floral, bois\u00e9<\/p>\n<p>notes: jasmin, safran\u00e9es<\/p>\n<p>&nbsp;<\/p>\n<p>notes coeur :<\/p>\n<p>amande amene<\/p>\n<p>cedr\u00e9es rose<\/p>\n<p>notes fe fond; ambregris cedr\u00e9es musqu\u00e9es<\/p>\n<p>FABRIQU\u00c9 \u00c0 GRASSE<\/p>\n<p>100ML<\/p>\n<p>&nbsp;<\/p>\n","protected":false},"excerpt":{"rendered":"<p>ATCHAVE T\u00caTE \u00c0 T\u00caTE \u00a0 EAU DE PARFUM intense Floral, bois\u00e9 notes: jasmin, safran\u00e9es &nbsp; notes coeur : amande amene cedr\u00e9es rose notes fe fond; ambregris cedr\u00e9es musqu\u00e9es FABRIQU\u00c9 \u00c0 GRASSE 100ML &nbsp;<\/p>\n","protected":false},"featured_media":747,"comment_status":"open","ping_status":"closed","template":"","meta":{"_uag_custom_page_level_css":""},"product_brand":[],"product_cat":[69,74],"product_tag":[],"class_list":{"0":"post-746","1":"product","2":"type-product","3":"status-publish","4":"has-post-thumbnail","6":"product_cat-hommes","7":"product_cat-parfums-hommes","9":"first","10":"instock","11":"taxable","12":"shipping-taxable","13":"purchasable","14":"product-type-simple"},"uagb_featured_image_src":{"full":["https:\/\/atchave.com\/wp-content\/uploads\/2025\/05\/20250425_181944-3.jpg",1080,1080,false],"thumbnail":["https:\/\/atchave.com\/wp-content\/uploads\/2025\/05\/20250425_181944-3-150x150.jpg",150,150,true],"medium":["https:\/\/atchave.com\/wp-content\/uploads\/2025\/05\/20250425_181944-3-300x300.jpg",300,300,true],"medium_large":["https:\/\/atchave.com\/wp-content\/uploads\/2025\/05\/20250425_181944-3-768x768.jpg",768,768,true],"large":["https:\/\/atchave.com\/wp-content\/uploads\/2025\/05\/20250425_181944-3-1024x1024.jpg",1020,1020,true],"1536x1536":["https:\/\/atchave.com\/wp-content\/uploads\/2025\/05\/20250425_181944-3.jpg",1080,1080,false],"2048x2048":["https:\/\/atchave.com\/wp-content\/uploads\/2025\/05\/20250425_181944-3.jpg",1080,1080,false],"woocommerce_thumbnail":["https:\/\/atchave.com\/wp-content\/uploads\/2025\/05\/20250425_181944-3-300x300.jpg",300,300,true],"woocommerce_single":["https:\/\/atchave.com\/wp-content\/uploads\/2025\/05\/20250425_181944-3-600x600.jpg",600,600,true],"woocommerce_gallery_thumbnail":["https:\/\/atchave.com\/wp-content\/uploads\/2025\/05\/20250425_181944-3-100x100.jpg",100,100,true]},"uagb_author_info":{"display_name":"ATCHAVE","author_link":"https:\/\/atchave.com\/index.php\/author\/"},"uagb_comment_info":0,"uagb_excerpt":"ATCHAVE T\u00caTE \u00c0 T\u00caTE \u00a0 EAU DE PARFUM intense Floral, bois\u00e9 notes: jasmin, safran\u00e9es &nbsp; notes coeur : amande amene cedr\u00e9es rose notes fe fond; ambregris cedr\u00e9es musqu\u00e9es FABRIQU\u00c9 \u00c0 GRASSE 100ML &nbsp;","jetpack_sharing_enabled":true,"_links":{"self":[{"href":"https:\/\/atchave.com\/index.php\/wp-json\/wp\/v2\/product\/746","targetHints":{"allow":["GET"]}}],"collection":[{"href":"https:\/\/atchave.com\/index.php\/wp-json\/wp\/v2\/product"}],"about":[{"href":"https:\/\/atchave.com\/index.php\/wp-json\/wp\/v2\/types\/product"}],"replies":[{"embeddable":true,"href":"https:\/\/atchave.com\/index.php\/wp-json\/wp\/v2\/comments?post=746"}],"wp:featuredmedia":[{"embeddable":true,"href":"https:\/\/atchave.com\/index.php\/wp-json\/wp\/v2\/media\/747"}],"wp:attachment":[{"href":"https:\/\/atchave.com\/index.php\/wp-json\/wp\/v2\/media?parent=746"}],"wp:term":[{"taxonomy":"product_brand","embeddable":true,"href":"https:\/\/atchave.com\/index.php\/wp-json\/wp\/v2\/product_brand?post=746"},{"taxonomy":"product_cat","embeddable":true,"href":"https:\/\/atchave.com\/index.php\/wp-json\/wp\/v2\/product_cat?post=746"},{"taxonomy":"product_tag","embeddable":true,"href":"https:\/\/atchave.com\/index.php\/wp-json\/wp\/v2\/product_tag?post=746"}],"curies":[{"name":"wp","href":"https:\/\/api.w.org\/{rel}","templated":true}]}}