{"id":743,"date":"2025-05-03T18:30:40","date_gmt":"2025-05-03T16:30:40","guid":{"rendered":"https:\/\/atchave.com\/?post_type=product&#038;p=743"},"modified":"2025-07-09T17:13:55","modified_gmt":"2025-07-09T15:13:55","slug":"rouge-a-levre-atchave-elyke","status":"publish","type":"product","link":"https:\/\/atchave.com\/index.php\/produit\/rouge-a-levre-atchave-elyke\/","title":{"rendered":"ROUGE \u00c0 L\u00c8VRE ATCHAVE ELYKE"},"content":{"rendered":"<p>ATCHAVE<\/p>\n<p>Rouge \u00e0 l\u00e8vre Elyke<\/p>\n<p>ultra confort sublime les l\u00e8vres d&#8217;un concentr\u00e9 de pigments purs intense et longue tenue.<\/p>\n<p>COMPOSITION<\/p>\n<p>ROUGE \u00c0 L\u00c8VRES \u00a0ELYKE r\u00e9v\u00e8le le secret d&#8217;un mat lumineux :<\/p>\n<p>Impact couleur:<\/p>\n<p>des pigments hautement concentr\u00e9 Naturel \u00a0pour un r\u00e9sultat maquillage homog\u00e8ne longue tenue<\/p>\n<p>24H<\/p>\n<p>CONSEILS D&#8217;UTILISATION<\/p>\n<p>Appliquer directement sur les l\u00e8vres , du centre vers l&#8217;ext\u00e9rieur ,Pour un contour des l\u00e8vres ultra-pr\u00e9cis,<\/p>\n<p>pr\u00e9c\u00e9der \u00a0l&#8217;application de ROUGE \u00c0 L\u00c9VRES d&#8217;un trait de LE CRAYON L\u00c8VRES a la m\u00eame teinte:<\/p>\n<p>appliquer ensuite le rouge \u00e0 l\u00e8vres \u00e0 l&#8217;aide du pinceau du crayon.<\/p>\n","protected":false},"excerpt":{"rendered":"<p>ATCHAVE Rouge \u00e0 l\u00e8vre Elyke ultra confort sublime les l\u00e8vres d&#8217;un concentr\u00e9 de pigments purs intense et longue tenue. COMPOSITION ROUGE \u00c0 L\u00c8VRES \u00a0ELYKE r\u00e9v\u00e8le le secret d&#8217;un mat lumineux : Impact couleur: des pigments hautement concentr\u00e9 Naturel \u00a0pour un r\u00e9sultat maquillage homog\u00e8ne longue tenue 24H CONSEILS D&#8217;UTILISATION Appliquer directement sur les l\u00e8vres , du [&#8230;]\n","protected":false},"featured_media":745,"comment_status":"open","ping_status":"closed","template":"","meta":{"_uag_custom_page_level_css":""},"product_brand":[],"product_cat":[70,112,68,71,82],"product_tag":[],"class_list":{"0":"post-743","1":"product","2":"type-product","3":"status-publish","4":"has-post-thumbnail","6":"product_cat-accessoires","7":"product_cat-beautes","8":"product_cat-femmes","9":"product_cat-maquillages","10":"product_cat-rouges-a-levre","12":"first","13":"instock","14":"purchasable","15":"product-type-simple"},"uagb_featured_image_src":{"full":["https:\/\/atchave.com\/wp-content\/uploads\/2025\/05\/20250419_184346-scaled.jpg",1920,2560,false],"thumbnail":["https:\/\/atchave.com\/wp-content\/uploads\/2025\/05\/20250419_184346-150x150.jpg",150,150,true],"medium":["https:\/\/atchave.com\/wp-content\/uploads\/2025\/05\/20250419_184346-225x300.jpg",225,300,true],"medium_large":["https:\/\/atchave.com\/wp-content\/uploads\/2025\/05\/20250419_184346-768x1024.jpg",768,1024,true],"large":["https:\/\/atchave.com\/wp-content\/uploads\/2025\/05\/20250419_184346-768x1024.jpg",768,1024,true],"1536x1536":["https:\/\/atchave.com\/wp-content\/uploads\/2025\/05\/20250419_184346-1152x1536.jpg",1152,1536,true],"2048x2048":["https:\/\/atchave.com\/wp-content\/uploads\/2025\/05\/20250419_184346-1536x2048.jpg",1536,2048,true],"woocommerce_thumbnail":["https:\/\/atchave.com\/wp-content\/uploads\/2025\/05\/20250419_184346-300x300.jpg",300,300,true],"woocommerce_single":["https:\/\/atchave.com\/wp-content\/uploads\/2025\/05\/20250419_184346-600x800.jpg",600,800,true],"woocommerce_gallery_thumbnail":["https:\/\/atchave.com\/wp-content\/uploads\/2025\/05\/20250419_184346-100x100.jpg",100,100,true]},"uagb_author_info":{"display_name":"ATCHAVE","author_link":"https:\/\/atchave.com\/index.php\/author\/"},"uagb_comment_info":0,"uagb_excerpt":"ATCHAVE Rouge \u00e0 l\u00e8vre Elyke ultra confort sublime les l\u00e8vres d&#8217;un concentr\u00e9 de pigments purs intense et longue tenue. COMPOSITION ROUGE \u00c0 L\u00c8VRES \u00a0ELYKE r\u00e9v\u00e8le le secret d&#8217;un mat lumineux : Impact couleur: des pigments hautement concentr\u00e9 Naturel \u00a0pour un r\u00e9sultat maquillage homog\u00e8ne longue tenue 24H CONSEILS D&#8217;UTILISATION Appliquer directement sur les l\u00e8vres , du\u2026","jetpack_sharing_enabled":true,"_links":{"self":[{"href":"https:\/\/atchave.com\/index.php\/wp-json\/wp\/v2\/product\/743","targetHints":{"allow":["GET"]}}],"collection":[{"href":"https:\/\/atchave.com\/index.php\/wp-json\/wp\/v2\/product"}],"about":[{"href":"https:\/\/atchave.com\/index.php\/wp-json\/wp\/v2\/types\/product"}],"replies":[{"embeddable":true,"href":"https:\/\/atchave.com\/index.php\/wp-json\/wp\/v2\/comments?post=743"}],"wp:featuredmedia":[{"embeddable":true,"href":"https:\/\/atchave.com\/index.php\/wp-json\/wp\/v2\/media\/745"}],"wp:attachment":[{"href":"https:\/\/atchave.com\/index.php\/wp-json\/wp\/v2\/media?parent=743"}],"wp:term":[{"taxonomy":"product_brand","embeddable":true,"href":"https:\/\/atchave.com\/index.php\/wp-json\/wp\/v2\/product_brand?post=743"},{"taxonomy":"product_cat","embeddable":true,"href":"https:\/\/atchave.com\/index.php\/wp-json\/wp\/v2\/product_cat?post=743"},{"taxonomy":"product_tag","embeddable":true,"href":"https:\/\/atchave.com\/index.php\/wp-json\/wp\/v2\/product_tag?post=743"}],"curies":[{"name":"wp","href":"https:\/\/api.w.org\/{rel}","templated":true}]}}