{"id":729,"date":"2025-05-03T16:12:11","date_gmt":"2025-05-03T14:12:11","guid":{"rendered":"https:\/\/atchave.com\/?post_type=product&#038;p=729"},"modified":"2025-05-03T16:39:57","modified_gmt":"2025-05-03T14:39:57","slug":"huile-de-figue-de-barbarie-bio","status":"publish","type":"product","link":"https:\/\/atchave.com\/index.php\/produit\/huile-de-figue-de-barbarie-bio\/","title":{"rendered":"HUILE  DE FIGUE DE BARBARIE BIO"},"content":{"rendered":"<p>HUILE DE FIGUE DE BARBARIE \u00a0BIO est extrate du fruit de la figue de barbarie<\/p>\n<p>Bienfaits<\/p>\n<p>riche en acides gras essentiels et en vitamine E&#8230; ce qui fait un excellent choix pour nourrir et hydratant naturel pour la peau s\u00e8che , rid\u00e9, et endommag\u00e9e&#8230;<\/p>\n<p>Conseil d&#8217;utilisation:<\/p>\n<p>Pulv\u00e9risez he l&#8217;huile sur la main puis\u00a0\u00a0appliquez \u00a0soigneusement<\/p>\n<p>sur votre visage, cou, et le d\u00e9collet\u00e9 massez afin de faire p\u00e9n\u00e9trer huile<\/p>\n<p>Pr\u00e9caution<\/p>\n<p>\u00e9vitez tout contact avec les yeux ,<\/p>\n<p>ne pas avaler<\/p>\n<p>30ml<\/p>\n<p>&nbsp;<\/p>\n","protected":false},"excerpt":{"rendered":"<p>HUILE DE FIGUE DE BARBARIE \u00a0BIO est extrate du fruit de la figue de barbarie Bienfaits riche en acides gras essentiels et en vitamine E&#8230; ce qui fait un excellent choix pour nourrir et hydratant naturel pour la peau s\u00e8che , rid\u00e9, et endommag\u00e9e&#8230; Conseil d&#8217;utilisation: Pulv\u00e9risez he l&#8217;huile sur la main puis\u00a0\u00a0appliquez \u00a0soigneusement sur [&#8230;]\n","protected":false},"featured_media":730,"comment_status":"open","ping_status":"closed","template":"","meta":{"_uag_custom_page_level_css":""},"product_brand":[],"product_cat":[112,119,68,71],"product_tag":[],"class_list":{"0":"post-729","1":"product","2":"type-product","3":"status-publish","4":"has-post-thumbnail","6":"product_cat-beautes","7":"product_cat-cremes-hydratantes-visage","8":"product_cat-femmes","9":"product_cat-maquillages","11":"first","12":"instock","13":"taxable","14":"shipping-taxable","15":"purchasable","16":"product-type-simple"},"uagb_featured_image_src":{"full":["https:\/\/atchave.com\/wp-content\/uploads\/2025\/05\/06_Nails-1.jpg",1440,1920,false],"thumbnail":["https:\/\/atchave.com\/wp-content\/uploads\/2025\/05\/06_Nails-1-150x150.jpg",150,150,true],"medium":["https:\/\/atchave.com\/wp-content\/uploads\/2025\/05\/06_Nails-1-225x300.jpg",225,300,true],"medium_large":["https:\/\/atchave.com\/wp-content\/uploads\/2025\/05\/06_Nails-1-768x1024.jpg",768,1024,true],"large":["https:\/\/atchave.com\/wp-content\/uploads\/2025\/05\/06_Nails-1-768x1024.jpg",768,1024,true],"1536x1536":["https:\/\/atchave.com\/wp-content\/uploads\/2025\/05\/06_Nails-1-1152x1536.jpg",1152,1536,true],"2048x2048":["https:\/\/atchave.com\/wp-content\/uploads\/2025\/05\/06_Nails-1.jpg",1440,1920,false],"woocommerce_thumbnail":["https:\/\/atchave.com\/wp-content\/uploads\/2025\/05\/06_Nails-1-300x300.jpg",300,300,true],"woocommerce_single":["https:\/\/atchave.com\/wp-content\/uploads\/2025\/05\/06_Nails-1-600x800.jpg",600,800,true],"woocommerce_gallery_thumbnail":["https:\/\/atchave.com\/wp-content\/uploads\/2025\/05\/06_Nails-1-100x100.jpg",100,100,true]},"uagb_author_info":{"display_name":"ATCHAVE","author_link":"https:\/\/atchave.com\/index.php\/author\/"},"uagb_comment_info":0,"uagb_excerpt":"HUILE DE FIGUE DE BARBARIE \u00a0BIO est extrate du fruit de la figue de barbarie Bienfaits riche en acides gras essentiels et en vitamine E&#8230; ce qui fait un excellent choix pour nourrir et hydratant naturel pour la peau s\u00e8che , rid\u00e9, et endommag\u00e9e&#8230; Conseil d&#8217;utilisation: Pulv\u00e9risez he l&#8217;huile sur la main puis\u00a0\u00a0appliquez \u00a0soigneusement sur\u2026","jetpack_sharing_enabled":true,"_links":{"self":[{"href":"https:\/\/atchave.com\/index.php\/wp-json\/wp\/v2\/product\/729","targetHints":{"allow":["GET"]}}],"collection":[{"href":"https:\/\/atchave.com\/index.php\/wp-json\/wp\/v2\/product"}],"about":[{"href":"https:\/\/atchave.com\/index.php\/wp-json\/wp\/v2\/types\/product"}],"replies":[{"embeddable":true,"href":"https:\/\/atchave.com\/index.php\/wp-json\/wp\/v2\/comments?post=729"}],"wp:featuredmedia":[{"embeddable":true,"href":"https:\/\/atchave.com\/index.php\/wp-json\/wp\/v2\/media\/730"}],"wp:attachment":[{"href":"https:\/\/atchave.com\/index.php\/wp-json\/wp\/v2\/media?parent=729"}],"wp:term":[{"taxonomy":"product_brand","embeddable":true,"href":"https:\/\/atchave.com\/index.php\/wp-json\/wp\/v2\/product_brand?post=729"},{"taxonomy":"product_cat","embeddable":true,"href":"https:\/\/atchave.com\/index.php\/wp-json\/wp\/v2\/product_cat?post=729"},{"taxonomy":"product_tag","embeddable":true,"href":"https:\/\/atchave.com\/index.php\/wp-json\/wp\/v2\/product_tag?post=729"}],"curies":[{"name":"wp","href":"https:\/\/api.w.org\/{rel}","templated":true}]}}