{"id":719,"date":"2025-05-02T19:02:44","date_gmt":"2025-05-02T17:02:44","guid":{"rendered":"https:\/\/atchave.com\/?post_type=product&#038;p=719"},"modified":"2025-05-02T23:00:17","modified_gmt":"2025-05-02T21:00:17","slug":"719","status":"publish","type":"product","link":"https:\/\/atchave.com\/index.php\/produit\/719\/","title":{"rendered":"T\u00caTE \u00c0 T\u00caTE"},"content":{"rendered":"<p><strong>EAU DE PARFUM T\u00caTE \u00c0 T\u00caTE HOMME<\/strong><\/p>\n<p>Cr\u00e9\u00e9 et fabriqu\u00e9 en Pays de Grasse<\/p>\n<p>Ingr\u00e9dients : Alcohol denat 80% vol, Aqua \/Water<\/p>\n<p>Parfums\/ Fragrances: alpha-Hexylcinnamaldehide, alpha-iso-methylionone, benzyl, benzoate, citral, coumarin, citronellol, eugenol, farnesol, geraniol, hydroxy-citronellal, isoeugenol, limonene, linalool.<\/p>\n<p><em>Peut produire une r\u00e9action allergique.<\/em><\/p>\n<p><em><strong>Pr\u00e9cautions d&#8217;emploi:<\/strong><\/em><\/p>\n<p>\u00c9viter le contact avec les yeux.<\/p>\n<p>Ne pas avaler.<\/p>\n<p>Tenir hors de la port\u00e9e des enfants.<\/p>\n<p>Tenir \u00e0 l&#8217;\u00e9cart de la chaleur et des flammes.<\/p>\n<p>\u00c9viter l&#8217;exposition au soleil apr\u00e8s application.<\/p>\n<p>50 ML<\/p>\n","protected":false},"excerpt":{"rendered":"<p>EAU DE PARFUM T\u00caTE \u00c0 T\u00caTE HOMME Cr\u00e9\u00e9 et fabriqu\u00e9 en Pays de Grasse Ingr\u00e9dients : Alcohol denat 80% vol, Aqua \/Water Parfums\/ Fragrances: alpha-Hexylcinnamaldehide, alpha-iso-methylionone, benzyl, benzoate, citral, coumarin, citronellol, eugenol, farnesol, geraniol, hydroxy-citronellal, isoeugenol, limonene, linalool. Peut produire une r\u00e9action allergique. Pr\u00e9cautions d&#8217;emploi: \u00c9viter le contact avec les yeux. Ne pas avaler. Tenir [&#8230;]\n","protected":false},"featured_media":726,"comment_status":"open","ping_status":"closed","template":"","meta":{"_uag_custom_page_level_css":""},"product_brand":[],"product_cat":[69,74],"product_tag":[99],"class_list":{"0":"post-719","1":"product","2":"type-product","3":"status-publish","4":"has-post-thumbnail","6":"product_cat-hommes","7":"product_cat-parfums-hommes","8":"product_tag-atchave","10":"first","11":"instock","12":"purchasable","13":"product-type-simple"},"uagb_featured_image_src":{"full":["https:\/\/atchave.com\/wp-content\/uploads\/2025\/05\/20250502_192615-scaled.jpg",1920,2560,false],"thumbnail":["https:\/\/atchave.com\/wp-content\/uploads\/2025\/05\/20250502_192615-150x150.jpg",150,150,true],"medium":["https:\/\/atchave.com\/wp-content\/uploads\/2025\/05\/20250502_192615-225x300.jpg",225,300,true],"medium_large":["https:\/\/atchave.com\/wp-content\/uploads\/2025\/05\/20250502_192615-768x1024.jpg",768,1024,true],"large":["https:\/\/atchave.com\/wp-content\/uploads\/2025\/05\/20250502_192615-768x1024.jpg",768,1024,true],"1536x1536":["https:\/\/atchave.com\/wp-content\/uploads\/2025\/05\/20250502_192615-1152x1536.jpg",1152,1536,true],"2048x2048":["https:\/\/atchave.com\/wp-content\/uploads\/2025\/05\/20250502_192615-1536x2048.jpg",1536,2048,true],"woocommerce_thumbnail":["https:\/\/atchave.com\/wp-content\/uploads\/2025\/05\/20250502_192615-300x300.jpg",300,300,true],"woocommerce_single":["https:\/\/atchave.com\/wp-content\/uploads\/2025\/05\/20250502_192615-600x800.jpg",600,800,true],"woocommerce_gallery_thumbnail":["https:\/\/atchave.com\/wp-content\/uploads\/2025\/05\/20250502_192615-100x100.jpg",100,100,true]},"uagb_author_info":{"display_name":"ATCHAVE","author_link":"https:\/\/atchave.com\/index.php\/author\/"},"uagb_comment_info":0,"uagb_excerpt":"EAU DE PARFUM T\u00caTE \u00c0 T\u00caTE HOMME Cr\u00e9\u00e9 et fabriqu\u00e9 en Pays de Grasse Ingr\u00e9dients : Alcohol denat 80% vol, Aqua \/Water Parfums\/ Fragrances: alpha-Hexylcinnamaldehide, alpha-iso-methylionone, benzyl, benzoate, citral, coumarin, citronellol, eugenol, farnesol, geraniol, hydroxy-citronellal, isoeugenol, limonene, linalool. Peut produire une r\u00e9action allergique. Pr\u00e9cautions d&#8217;emploi: \u00c9viter le contact avec les yeux. Ne pas avaler. Tenir\u2026","jetpack_sharing_enabled":true,"_links":{"self":[{"href":"https:\/\/atchave.com\/index.php\/wp-json\/wp\/v2\/product\/719","targetHints":{"allow":["GET"]}}],"collection":[{"href":"https:\/\/atchave.com\/index.php\/wp-json\/wp\/v2\/product"}],"about":[{"href":"https:\/\/atchave.com\/index.php\/wp-json\/wp\/v2\/types\/product"}],"replies":[{"embeddable":true,"href":"https:\/\/atchave.com\/index.php\/wp-json\/wp\/v2\/comments?post=719"}],"wp:featuredmedia":[{"embeddable":true,"href":"https:\/\/atchave.com\/index.php\/wp-json\/wp\/v2\/media\/726"}],"wp:attachment":[{"href":"https:\/\/atchave.com\/index.php\/wp-json\/wp\/v2\/media?parent=719"}],"wp:term":[{"taxonomy":"product_brand","embeddable":true,"href":"https:\/\/atchave.com\/index.php\/wp-json\/wp\/v2\/product_brand?post=719"},{"taxonomy":"product_cat","embeddable":true,"href":"https:\/\/atchave.com\/index.php\/wp-json\/wp\/v2\/product_cat?post=719"},{"taxonomy":"product_tag","embeddable":true,"href":"https:\/\/atchave.com\/index.php\/wp-json\/wp\/v2\/product_tag?post=719"}],"curies":[{"name":"wp","href":"https:\/\/api.w.org\/{rel}","templated":true}]}}