{"id":712,"date":"2025-05-02T18:18:20","date_gmt":"2025-05-02T16:18:20","guid":{"rendered":"https:\/\/atchave.com\/?post_type=product&#038;p=712"},"modified":"2025-05-02T18:24:40","modified_gmt":"2025-05-02T16:24:40","slug":"clash-2","status":"publish","type":"product","link":"https:\/\/atchave.com\/index.php\/produit\/clash-2\/","title":{"rendered":"CLASH"},"content":{"rendered":"<p>CLASH<\/p>\n<p>Ingr\u00e9dients : Alcohol denat 80% vol, Aqua\/Water<\/p>\n<p>Parfums\/ Fragrances: benzyl alcohol, benzyl benzoate, benzyl cinnamate, benzyl salicylate, cinnamaldehyde, cinnamyl alcohol. Citral, coumarin, citronellol, eugenol, farnesol, geraniol, isoeugenol, limonene, linalool.<\/p>\n<p><em>Peut produire une r\u00e9action allergique.<\/em><\/p>\n<p><em><strong>Pr\u00e9cautions d&#8217;emploi :<\/strong><\/em><\/p>\n<p>Eviter le contact avec les yeux.<\/p>\n<p>Ne pas avaler.<\/p>\n<p>Tenir hors de la port\u00e9e des enfants.<\/p>\n<p>Tenir \u00e0 l&#8217;\u00e9cart de la chaleur et des flammes.<\/p>\n<p>Eviter l&#8217;exposition au soleil apr\u00e8s application.<\/p>\n<p>50 ML<\/p>\n","protected":false},"excerpt":{"rendered":"<p>CLASH Ingr\u00e9dients : Alcohol denat 80% vol, Aqua\/Water Parfums\/ Fragrances: benzyl alcohol, benzyl benzoate, benzyl cinnamate, benzyl salicylate, cinnamaldehyde, cinnamyl alcohol. Citral, coumarin, citronellol, eugenol, farnesol, geraniol, isoeugenol, limonene, linalool. Peut produire une r\u00e9action allergique. Pr\u00e9cautions d&#8217;emploi : Eviter le contact avec les yeux. Ne pas avaler. Tenir hors de la port\u00e9e des enfants. Tenir [&#8230;]\n","protected":false},"featured_media":713,"comment_status":"open","ping_status":"closed","template":"","meta":{"_uag_custom_page_level_css":""},"product_brand":[],"product_cat":[68,72],"product_tag":[99],"class_list":{"0":"post-712","1":"product","2":"type-product","3":"status-publish","4":"has-post-thumbnail","6":"product_cat-femmes","7":"product_cat-parfums-femmes","8":"product_tag-atchave","10":"first","11":"instock","12":"purchasable","13":"product-type-simple"},"uagb_featured_image_src":{"full":["https:\/\/atchave.com\/wp-content\/uploads\/2025\/05\/20250425_182108-3.jpg",1080,1080,false],"thumbnail":["https:\/\/atchave.com\/wp-content\/uploads\/2025\/05\/20250425_182108-3-150x150.jpg",150,150,true],"medium":["https:\/\/atchave.com\/wp-content\/uploads\/2025\/05\/20250425_182108-3-300x300.jpg",300,300,true],"medium_large":["https:\/\/atchave.com\/wp-content\/uploads\/2025\/05\/20250425_182108-3-768x768.jpg",768,768,true],"large":["https:\/\/atchave.com\/wp-content\/uploads\/2025\/05\/20250425_182108-3-1024x1024.jpg",1020,1020,true],"1536x1536":["https:\/\/atchave.com\/wp-content\/uploads\/2025\/05\/20250425_182108-3.jpg",1080,1080,false],"2048x2048":["https:\/\/atchave.com\/wp-content\/uploads\/2025\/05\/20250425_182108-3.jpg",1080,1080,false],"woocommerce_thumbnail":["https:\/\/atchave.com\/wp-content\/uploads\/2025\/05\/20250425_182108-3-300x300.jpg",300,300,true],"woocommerce_single":["https:\/\/atchave.com\/wp-content\/uploads\/2025\/05\/20250425_182108-3-600x600.jpg",600,600,true],"woocommerce_gallery_thumbnail":["https:\/\/atchave.com\/wp-content\/uploads\/2025\/05\/20250425_182108-3-100x100.jpg",100,100,true]},"uagb_author_info":{"display_name":"ATCHAVE","author_link":"https:\/\/atchave.com\/index.php\/author\/"},"uagb_comment_info":0,"uagb_excerpt":"CLASH Ingr\u00e9dients : Alcohol denat 80% vol, Aqua\/Water Parfums\/ Fragrances: benzyl alcohol, benzyl benzoate, benzyl cinnamate, benzyl salicylate, cinnamaldehyde, cinnamyl alcohol. Citral, coumarin, citronellol, eugenol, farnesol, geraniol, isoeugenol, limonene, linalool. Peut produire une r\u00e9action allergique. Pr\u00e9cautions d&#8217;emploi : Eviter le contact avec les yeux. Ne pas avaler. Tenir hors de la port\u00e9e des enfants. Tenir\u2026","jetpack_sharing_enabled":true,"_links":{"self":[{"href":"https:\/\/atchave.com\/index.php\/wp-json\/wp\/v2\/product\/712","targetHints":{"allow":["GET"]}}],"collection":[{"href":"https:\/\/atchave.com\/index.php\/wp-json\/wp\/v2\/product"}],"about":[{"href":"https:\/\/atchave.com\/index.php\/wp-json\/wp\/v2\/types\/product"}],"replies":[{"embeddable":true,"href":"https:\/\/atchave.com\/index.php\/wp-json\/wp\/v2\/comments?post=712"}],"wp:featuredmedia":[{"embeddable":true,"href":"https:\/\/atchave.com\/index.php\/wp-json\/wp\/v2\/media\/713"}],"wp:attachment":[{"href":"https:\/\/atchave.com\/index.php\/wp-json\/wp\/v2\/media?parent=712"}],"wp:term":[{"taxonomy":"product_brand","embeddable":true,"href":"https:\/\/atchave.com\/index.php\/wp-json\/wp\/v2\/product_brand?post=712"},{"taxonomy":"product_cat","embeddable":true,"href":"https:\/\/atchave.com\/index.php\/wp-json\/wp\/v2\/product_cat?post=712"},{"taxonomy":"product_tag","embeddable":true,"href":"https:\/\/atchave.com\/index.php\/wp-json\/wp\/v2\/product_tag?post=712"}],"curies":[{"name":"wp","href":"https:\/\/api.w.org\/{rel}","templated":true}]}}