{"id":355,"date":"2024-01-14T01:39:37","date_gmt":"2024-01-14T00:39:37","guid":{"rendered":"https:\/\/atchave.com\/?post_type=product&#038;p=355"},"modified":"2024-02-07T01:48:56","modified_gmt":"2024-02-07T00:48:56","slug":"chapeau-4","status":"publish","type":"product","link":"https:\/\/atchave.com\/index.php\/produit\/chapeau-4\/","title":{"rendered":"Chapeau 4"},"content":{"rendered":"","protected":false},"excerpt":{"rendered":"<p>Chapeau r\u00e9glable \u00e0 l&#8217;arri\u00e8re.<\/p>\n","protected":false},"featured_media":353,"comment_status":"open","ping_status":"closed","template":"","meta":{"_uag_custom_page_level_css":""},"product_brand":[],"product_cat":[70,75,77,68],"product_tag":[94,101,98],"class_list":{"0":"post-355","1":"product","2":"type-product","3":"status-publish","4":"has-post-thumbnail","6":"product_cat-accessoires","7":"product_cat-vetements","8":"product_cat-chapeaux","9":"product_cat-femmes","10":"product_tag-accessoires","11":"product_tag-chapeau-hommes","12":"product_tag-hommes","14":"first","15":"instock","16":"featured","17":"shipping-taxable","18":"purchasable","19":"product-type-simple"},"uagb_featured_image_src":{"full":["https:\/\/atchave.com\/wp-content\/uploads\/2024\/01\/Chapeau-4.png",500,500,false],"thumbnail":["https:\/\/atchave.com\/wp-content\/uploads\/2024\/01\/Chapeau-4-150x150.png",150,150,true],"medium":["https:\/\/atchave.com\/wp-content\/uploads\/2024\/01\/Chapeau-4-300x300.png",300,300,true],"medium_large":["https:\/\/atchave.com\/wp-content\/uploads\/2024\/01\/Chapeau-4.png",500,500,false],"large":["https:\/\/atchave.com\/wp-content\/uploads\/2024\/01\/Chapeau-4.png",500,500,false],"1536x1536":["https:\/\/atchave.com\/wp-content\/uploads\/2024\/01\/Chapeau-4.png",500,500,false],"2048x2048":["https:\/\/atchave.com\/wp-content\/uploads\/2024\/01\/Chapeau-4.png",500,500,false],"woocommerce_thumbnail":["https:\/\/atchave.com\/wp-content\/uploads\/2024\/01\/Chapeau-4-300x300.png",300,300,true],"woocommerce_single":["https:\/\/atchave.com\/wp-content\/uploads\/2024\/01\/Chapeau-4.png",500,500,false],"woocommerce_gallery_thumbnail":["https:\/\/atchave.com\/wp-content\/uploads\/2024\/01\/Chapeau-4-100x100.png",100,100,true]},"uagb_author_info":{"display_name":"ATCHAVE","author_link":"https:\/\/atchave.com\/index.php\/author\/"},"uagb_comment_info":0,"uagb_excerpt":"Chapeau r\u00e9glable \u00e0 l'arri\u00e8re.","jetpack_sharing_enabled":true,"_links":{"self":[{"href":"https:\/\/atchave.com\/index.php\/wp-json\/wp\/v2\/product\/355","targetHints":{"allow":["GET"]}}],"collection":[{"href":"https:\/\/atchave.com\/index.php\/wp-json\/wp\/v2\/product"}],"about":[{"href":"https:\/\/atchave.com\/index.php\/wp-json\/wp\/v2\/types\/product"}],"replies":[{"embeddable":true,"href":"https:\/\/atchave.com\/index.php\/wp-json\/wp\/v2\/comments?post=355"}],"wp:featuredmedia":[{"embeddable":true,"href":"https:\/\/atchave.com\/index.php\/wp-json\/wp\/v2\/media\/353"}],"wp:attachment":[{"href":"https:\/\/atchave.com\/index.php\/wp-json\/wp\/v2\/media?parent=355"}],"wp:term":[{"taxonomy":"product_brand","embeddable":true,"href":"https:\/\/atchave.com\/index.php\/wp-json\/wp\/v2\/product_brand?post=355"},{"taxonomy":"product_cat","embeddable":true,"href":"https:\/\/atchave.com\/index.php\/wp-json\/wp\/v2\/product_cat?post=355"},{"taxonomy":"product_tag","embeddable":true,"href":"https:\/\/atchave.com\/index.php\/wp-json\/wp\/v2\/product_tag?post=355"}],"curies":[{"name":"wp","href":"https:\/\/api.w.org\/{rel}","templated":true}]}}