{"id":347,"date":"2024-01-13T23:02:27","date_gmt":"2024-01-13T22:02:27","guid":{"rendered":"https:\/\/atchave.com\/?post_type=product&#038;p=347"},"modified":"2024-02-15T17:57:32","modified_gmt":"2024-02-15T16:57:32","slug":"chapeau-1","status":"publish","type":"product","link":"https:\/\/atchave.com\/index.php\/produit\/chapeau-1\/","title":{"rendered":"Chapeau 1"},"content":{"rendered":"","protected":false},"excerpt":{"rendered":"<p>Chapeau en paille, r\u00e9glable \u00e0 l&#8217;arri\u00e8re.<\/p>\n","protected":false},"featured_media":349,"comment_status":"open","ping_status":"closed","template":"","meta":{"_uag_custom_page_level_css":""},"product_brand":[],"product_cat":[70,75,77,68],"product_tag":[94,101,98],"class_list":{"0":"post-347","1":"product","2":"type-product","3":"status-publish","4":"has-post-thumbnail","6":"product_cat-accessoires","7":"product_cat-vetements","8":"product_cat-chapeaux","9":"product_cat-femmes","10":"product_tag-accessoires","11":"product_tag-chapeau-hommes","12":"product_tag-hommes","13":"product_shipping_class-produits-legers","15":"first","16":"instock","17":"featured","18":"shipping-taxable","19":"purchasable","20":"product-type-simple"},"uagb_featured_image_src":{"full":["https:\/\/atchave.com\/wp-content\/uploads\/2024\/01\/Chapeau-en-paille.jpg",500,500,false],"thumbnail":["https:\/\/atchave.com\/wp-content\/uploads\/2024\/01\/Chapeau-en-paille-150x150.jpg",150,150,true],"medium":["https:\/\/atchave.com\/wp-content\/uploads\/2024\/01\/Chapeau-en-paille-300x300.jpg",300,300,true],"medium_large":["https:\/\/atchave.com\/wp-content\/uploads\/2024\/01\/Chapeau-en-paille.jpg",500,500,false],"large":["https:\/\/atchave.com\/wp-content\/uploads\/2024\/01\/Chapeau-en-paille.jpg",500,500,false],"1536x1536":["https:\/\/atchave.com\/wp-content\/uploads\/2024\/01\/Chapeau-en-paille.jpg",500,500,false],"2048x2048":["https:\/\/atchave.com\/wp-content\/uploads\/2024\/01\/Chapeau-en-paille.jpg",500,500,false],"woocommerce_thumbnail":["https:\/\/atchave.com\/wp-content\/uploads\/2024\/01\/Chapeau-en-paille-300x300.jpg",300,300,true],"woocommerce_single":["https:\/\/atchave.com\/wp-content\/uploads\/2024\/01\/Chapeau-en-paille.jpg",500,500,false],"woocommerce_gallery_thumbnail":["https:\/\/atchave.com\/wp-content\/uploads\/2024\/01\/Chapeau-en-paille-100x100.jpg",100,100,true]},"uagb_author_info":{"display_name":"ATCHAVE","author_link":"https:\/\/atchave.com\/index.php\/author\/"},"uagb_comment_info":0,"uagb_excerpt":"Chapeau en paille, r\u00e9glable \u00e0 l'arri\u00e8re.","jetpack_sharing_enabled":true,"_links":{"self":[{"href":"https:\/\/atchave.com\/index.php\/wp-json\/wp\/v2\/product\/347","targetHints":{"allow":["GET"]}}],"collection":[{"href":"https:\/\/atchave.com\/index.php\/wp-json\/wp\/v2\/product"}],"about":[{"href":"https:\/\/atchave.com\/index.php\/wp-json\/wp\/v2\/types\/product"}],"replies":[{"embeddable":true,"href":"https:\/\/atchave.com\/index.php\/wp-json\/wp\/v2\/comments?post=347"}],"wp:featuredmedia":[{"embeddable":true,"href":"https:\/\/atchave.com\/index.php\/wp-json\/wp\/v2\/media\/349"}],"wp:attachment":[{"href":"https:\/\/atchave.com\/index.php\/wp-json\/wp\/v2\/media?parent=347"}],"wp:term":[{"taxonomy":"product_brand","embeddable":true,"href":"https:\/\/atchave.com\/index.php\/wp-json\/wp\/v2\/product_brand?post=347"},{"taxonomy":"product_cat","embeddable":true,"href":"https:\/\/atchave.com\/index.php\/wp-json\/wp\/v2\/product_cat?post=347"},{"taxonomy":"product_tag","embeddable":true,"href":"https:\/\/atchave.com\/index.php\/wp-json\/wp\/v2\/product_tag?post=347"}],"curies":[{"name":"wp","href":"https:\/\/api.w.org\/{rel}","templated":true}]}}