{"id":239,"date":"2024-01-10T01:13:00","date_gmt":"2024-01-10T00:13:00","guid":{"rendered":"https:\/\/atchave.com\/?post_type=product&#038;p=239"},"modified":"2024-02-12T16:56:41","modified_gmt":"2024-02-12T15:56:41","slug":"fard-a-paupiere-2","status":"publish","type":"product","link":"https:\/\/atchave.com\/index.php\/produit\/fard-a-paupiere-2\/","title":{"rendered":"Fards \u00e0 paupi\u00e8res 2"},"content":{"rendered":"<p><strong>INGR\u00c9DIENTS<\/strong><br \/>\nTALC, MICA, FLUORPHLOGOPITE SYNTH\u00c9TIQUE, TRIMELLITATE DE TRIDECYL, PALMITATE D&#8217;\u00c9THYLHEXYL SILICE, ST\u00c9ARATE DE MAGN\u00c9SIUM, NITRURE DE BORE, OXYCHLORURE DE BISMUTH, CROSSPOLYM\u00c8RE DE DIM\u00c9THICONE, MALATE DE DIISOST\u00c9ARYLE, PH\u00c9NOXY\u00c9THANOL, CI 77491,<br \/>\nC1 77492, CI 77499, CI 77891, CI 16035<\/p>\n<p><strong>COMMENT APPLIQUER LE FARD \u00c0 PAUPI\u00c8RES<\/strong><br \/>\n\u00c9TAPE 1\u00a0: PR\u00c9PARER LES YEUX AVEC UN ANTI-CERNES<br \/>\n\u00c9TAPE 2\u00a0: APPLIQUER UNE OMBRE NEUTRE SUR LE PLI<br \/>\n\u00c9TAPE 3\u00a0: APPLIQUER UNE OMBRE PLUS PROFONDE SUR LES COINS EXT\u00c9RIEURS<br \/>\n\u00c9TAPE 4\u00a0: APPLIQUER UNE TEINTE BRILLANTE AU CENTRE DES COUVERCLE<br \/>\n\u00c9TAPE 5\u00a0: FINITION DES YEUX AVEC LE LINER ET LE MASCARA<\/p>\n<p><strong>FILET:<\/strong> 9 x0,89<\/p>\n<p><strong>Conditions de stockage :<\/strong> Conserver dans un endroit frais et sec<\/p>\n<p><em>Remarque : \u00e9vitez de mettre le produit dans les yeux. En cas de contact accidentel avec les yeux, rincez abondamment \u00e0 l&#8217;eau. Si vous ressentez une g\u00eane ou une sensibilit\u00e9 cutan\u00e9e. veuillez arr\u00eater de l&#8217;utiliser.<\/em><\/p>\n","protected":false},"excerpt":{"rendered":"<p>INGR\u00c9DIENTS TALC, MICA, FLUORPHLOGOPITE SYNTH\u00c9TIQUE, TRIMELLITATE DE TRIDECYL, PALMITATE D&#8217;\u00c9THYLHEXYL SILICE, ST\u00c9ARATE DE MAGN\u00c9SIUM, NITRURE DE BORE, OXYCHLORURE DE BISMUTH, CROSSPOLYM\u00c8RE DE DIM\u00c9THICONE, MALATE DE DIISOST\u00c9ARYLE, PH\u00c9NOXY\u00c9THANOL, CI 77491, C1 77492, CI 77499, CI 77891, CI 16035 COMMENT APPLIQUER LE FARD \u00c0 PAUPI\u00c8RES \u00c9TAPE 1\u00a0: PR\u00c9PARER LES YEUX AVEC UN ANTI-CERNES \u00c9TAPE 2\u00a0: APPLIQUER UNE [&#8230;]\n","protected":false},"featured_media":236,"comment_status":"open","ping_status":"closed","template":"","meta":{"_uag_custom_page_level_css":""},"product_brand":[],"product_cat":[70,81,68],"product_tag":[83,86,85,84],"class_list":{"0":"post-239","1":"product","2":"type-product","3":"status-publish","4":"has-post-thumbnail","6":"product_cat-accessoires","7":"product_cat-fards-a-paupieres","8":"product_cat-femmes","9":"product_tag-fard-a-paupiere","10":"product_tag-femmes","11":"product_tag-makeup","12":"product_tag-maquillages","13":"product_shipping_class-produits-fragiles","15":"first","16":"instock","17":"featured","18":"shipping-taxable","19":"purchasable","20":"product-type-simple"},"uagb_featured_image_src":{"full":["https:\/\/atchave.com\/wp-content\/uploads\/2024\/01\/phare-a-paupiere-2.jpg",377,389,false],"thumbnail":["https:\/\/atchave.com\/wp-content\/uploads\/2024\/01\/phare-a-paupiere-2-150x150.jpg",150,150,true],"medium":["https:\/\/atchave.com\/wp-content\/uploads\/2024\/01\/phare-a-paupiere-2-291x300.jpg",291,300,true],"medium_large":["https:\/\/atchave.com\/wp-content\/uploads\/2024\/01\/phare-a-paupiere-2.jpg",377,389,false],"large":["https:\/\/atchave.com\/wp-content\/uploads\/2024\/01\/phare-a-paupiere-2.jpg",377,389,false],"1536x1536":["https:\/\/atchave.com\/wp-content\/uploads\/2024\/01\/phare-a-paupiere-2.jpg",377,389,false],"2048x2048":["https:\/\/atchave.com\/wp-content\/uploads\/2024\/01\/phare-a-paupiere-2.jpg",377,389,false],"woocommerce_thumbnail":["https:\/\/atchave.com\/wp-content\/uploads\/2024\/01\/phare-a-paupiere-2-300x300.jpg",300,300,true],"woocommerce_single":["https:\/\/atchave.com\/wp-content\/uploads\/2024\/01\/phare-a-paupiere-2.jpg",377,389,false],"woocommerce_gallery_thumbnail":["https:\/\/atchave.com\/wp-content\/uploads\/2024\/01\/phare-a-paupiere-2-100x100.jpg",100,100,true]},"uagb_author_info":{"display_name":"ATCHAVE","author_link":"https:\/\/atchave.com\/index.php\/author\/"},"uagb_comment_info":0,"uagb_excerpt":"INGR\u00c9DIENTS TALC, MICA, FLUORPHLOGOPITE SYNTH\u00c9TIQUE, TRIMELLITATE DE TRIDECYL, PALMITATE D&#8217;\u00c9THYLHEXYL SILICE, ST\u00c9ARATE DE MAGN\u00c9SIUM, NITRURE DE BORE, OXYCHLORURE DE BISMUTH, CROSSPOLYM\u00c8RE DE DIM\u00c9THICONE, MALATE DE DIISOST\u00c9ARYLE, PH\u00c9NOXY\u00c9THANOL, CI 77491, C1 77492, CI 77499, CI 77891, CI 16035 COMMENT APPLIQUER LE FARD \u00c0 PAUPI\u00c8RES \u00c9TAPE 1\u00a0: PR\u00c9PARER LES YEUX AVEC UN ANTI-CERNES \u00c9TAPE 2\u00a0: APPLIQUER UNE\u2026","jetpack_sharing_enabled":true,"_links":{"self":[{"href":"https:\/\/atchave.com\/index.php\/wp-json\/wp\/v2\/product\/239","targetHints":{"allow":["GET"]}}],"collection":[{"href":"https:\/\/atchave.com\/index.php\/wp-json\/wp\/v2\/product"}],"about":[{"href":"https:\/\/atchave.com\/index.php\/wp-json\/wp\/v2\/types\/product"}],"replies":[{"embeddable":true,"href":"https:\/\/atchave.com\/index.php\/wp-json\/wp\/v2\/comments?post=239"}],"wp:featuredmedia":[{"embeddable":true,"href":"https:\/\/atchave.com\/index.php\/wp-json\/wp\/v2\/media\/236"}],"wp:attachment":[{"href":"https:\/\/atchave.com\/index.php\/wp-json\/wp\/v2\/media?parent=239"}],"wp:term":[{"taxonomy":"product_brand","embeddable":true,"href":"https:\/\/atchave.com\/index.php\/wp-json\/wp\/v2\/product_brand?post=239"},{"taxonomy":"product_cat","embeddable":true,"href":"https:\/\/atchave.com\/index.php\/wp-json\/wp\/v2\/product_cat?post=239"},{"taxonomy":"product_tag","embeddable":true,"href":"https:\/\/atchave.com\/index.php\/wp-json\/wp\/v2\/product_tag?post=239"}],"curies":[{"name":"wp","href":"https:\/\/api.w.org\/{rel}","templated":true}]}}