{"id":226,"date":"2024-01-10T01:10:08","date_gmt":"2024-01-10T00:10:08","guid":{"rendered":"https:\/\/atchave.com\/?post_type=product&#038;p=226"},"modified":"2025-05-03T17:41:18","modified_gmt":"2025-05-03T15:41:18","slug":"fard-a-paupiere","status":"publish","type":"product","link":"https:\/\/atchave.com\/index.php\/produit\/fard-a-paupiere\/","title":{"rendered":"Fards \u00e0 paupi\u00e8res 1"},"content":{"rendered":"<p><strong>PALETTE DE FARDS \u00c0 PAUPI\u00c8RES<\/strong><\/p>\n<p><strong>COMMENT APPLIQUER LE FARD \u00c0 PAUPI\u00c8RES<\/strong><br \/>\n\u00c9TAPE 1\u00a0: PR\u00c9PARER LES YEUX AVEC UN ANTI-CERNES<br \/>\n\u00c9TAPE 2\u00a0: APPLIQUER UNE OMBRE NEUTRE SUR LE PLI<br \/>\n\u00c9TAPE 3\u00a0: APPLIQUER UNE OMBRE PLUS PROFONDE SUR LES COINS EXT\u00c9RIEURS<br \/>\n\u00c9TAPE 4\u00a0: APPLIQUER UNE TEINTE BRILLANTE AU CENTRE DES COUVERCLE<br \/>\n\u00c9TAPE 5\u00a0: FINITION DES YEUX AVEC LE LINER ET LE MASCARA<\/p>\n<p><strong>FILET:<\/strong> 9 x0,89<\/p>\n<p><strong>Conditions de stockage :<\/strong> Conserver dans un endroit frais et sec<\/p>\n<p><em>Remarque : \u00e9vitez de mettre le produit dans les yeux. En cas de contact accidentel avec les yeux, rincez abondamment \u00e0 l&#8217;eau. Si vous ressentez une g\u00eane ou une sensibilit\u00e9 cutan\u00e9e. veuillez arr\u00eater de l&#8217;utiliser.<\/em><\/p>\n","protected":false},"excerpt":{"rendered":"<p>PALETTE DE FARDS \u00c0 PAUPI\u00c8RES COMMENT APPLIQUER LE FARD \u00c0 PAUPI\u00c8RES \u00c9TAPE 1\u00a0: PR\u00c9PARER LES YEUX AVEC UN ANTI-CERNES \u00c9TAPE 2\u00a0: APPLIQUER UNE OMBRE NEUTRE SUR LE PLI \u00c9TAPE 3\u00a0: APPLIQUER UNE OMBRE PLUS PROFONDE SUR LES COINS EXT\u00c9RIEURS \u00c9TAPE 4\u00a0: APPLIQUER UNE TEINTE BRILLANTE AU CENTRE DES COUVERCLE \u00c9TAPE 5\u00a0: FINITION DES YEUX AVEC [&#8230;]\n","protected":false},"featured_media":237,"comment_status":"open","ping_status":"closed","template":"","meta":{"_uag_custom_page_level_css":""},"product_brand":[],"product_cat":[70,112,81,68,71],"product_tag":[83,86,85,84],"class_list":{"0":"post-226","1":"product","2":"type-product","3":"status-publish","4":"has-post-thumbnail","6":"product_cat-accessoires","7":"product_cat-beautes","8":"product_cat-fards-a-paupieres","9":"product_cat-femmes","10":"product_cat-maquillages","11":"product_tag-fard-a-paupiere","12":"product_tag-femmes","13":"product_tag-makeup","14":"product_tag-maquillages","15":"product_shipping_class-produits-fragiles","17":"first","18":"instock","19":"featured","20":"taxable","21":"shipping-taxable","22":"purchasable","23":"product-type-simple"},"uagb_featured_image_src":{"full":["https:\/\/atchave.com\/wp-content\/uploads\/2024\/01\/phare-a-paupiere-1.jpg",441,489,false],"thumbnail":["https:\/\/atchave.com\/wp-content\/uploads\/2024\/01\/phare-a-paupiere-1-150x150.jpg",150,150,true],"medium":["https:\/\/atchave.com\/wp-content\/uploads\/2024\/01\/phare-a-paupiere-1-271x300.jpg",271,300,true],"medium_large":["https:\/\/atchave.com\/wp-content\/uploads\/2024\/01\/phare-a-paupiere-1.jpg",441,489,false],"large":["https:\/\/atchave.com\/wp-content\/uploads\/2024\/01\/phare-a-paupiere-1.jpg",441,489,false],"1536x1536":["https:\/\/atchave.com\/wp-content\/uploads\/2024\/01\/phare-a-paupiere-1.jpg",441,489,false],"2048x2048":["https:\/\/atchave.com\/wp-content\/uploads\/2024\/01\/phare-a-paupiere-1.jpg",441,489,false],"woocommerce_thumbnail":["https:\/\/atchave.com\/wp-content\/uploads\/2024\/01\/phare-a-paupiere-1-300x300.jpg",300,300,true],"woocommerce_single":["https:\/\/atchave.com\/wp-content\/uploads\/2024\/01\/phare-a-paupiere-1.jpg",441,489,false],"woocommerce_gallery_thumbnail":["https:\/\/atchave.com\/wp-content\/uploads\/2024\/01\/phare-a-paupiere-1-100x100.jpg",100,100,true]},"uagb_author_info":{"display_name":"ATCHAVE","author_link":"https:\/\/atchave.com\/index.php\/author\/"},"uagb_comment_info":0,"uagb_excerpt":"PALETTE DE FARDS \u00c0 PAUPI\u00c8RES COMMENT APPLIQUER LE FARD \u00c0 PAUPI\u00c8RES \u00c9TAPE 1\u00a0: PR\u00c9PARER LES YEUX AVEC UN ANTI-CERNES \u00c9TAPE 2\u00a0: APPLIQUER UNE OMBRE NEUTRE SUR LE PLI \u00c9TAPE 3\u00a0: APPLIQUER UNE OMBRE PLUS PROFONDE SUR LES COINS EXT\u00c9RIEURS \u00c9TAPE 4\u00a0: APPLIQUER UNE TEINTE BRILLANTE AU CENTRE DES COUVERCLE \u00c9TAPE 5\u00a0: FINITION DES YEUX AVEC\u2026","jetpack_sharing_enabled":true,"_links":{"self":[{"href":"https:\/\/atchave.com\/index.php\/wp-json\/wp\/v2\/product\/226","targetHints":{"allow":["GET"]}}],"collection":[{"href":"https:\/\/atchave.com\/index.php\/wp-json\/wp\/v2\/product"}],"about":[{"href":"https:\/\/atchave.com\/index.php\/wp-json\/wp\/v2\/types\/product"}],"replies":[{"embeddable":true,"href":"https:\/\/atchave.com\/index.php\/wp-json\/wp\/v2\/comments?post=226"}],"wp:featuredmedia":[{"embeddable":true,"href":"https:\/\/atchave.com\/index.php\/wp-json\/wp\/v2\/media\/237"}],"wp:attachment":[{"href":"https:\/\/atchave.com\/index.php\/wp-json\/wp\/v2\/media?parent=226"}],"wp:term":[{"taxonomy":"product_brand","embeddable":true,"href":"https:\/\/atchave.com\/index.php\/wp-json\/wp\/v2\/product_brand?post=226"},{"taxonomy":"product_cat","embeddable":true,"href":"https:\/\/atchave.com\/index.php\/wp-json\/wp\/v2\/product_cat?post=226"},{"taxonomy":"product_tag","embeddable":true,"href":"https:\/\/atchave.com\/index.php\/wp-json\/wp\/v2\/product_tag?post=226"}],"curies":[{"name":"wp","href":"https:\/\/api.w.org\/{rel}","templated":true}]}}