{"id":141,"date":"2024-01-08T10:55:38","date_gmt":"2024-01-08T09:55:38","guid":{"rendered":"https:\/\/atchave.com\/?post_type=product&#038;p=141"},"modified":"2024-02-15T15:39:33","modified_gmt":"2024-02-15T14:39:33","slug":"long-tete-a-tete","status":"publish","type":"product","link":"https:\/\/atchave.com\/index.php\/produit\/long-tete-a-tete\/","title":{"rendered":"Long T\u00eate \u00e0 t\u00eate"},"content":{"rendered":"","protected":false},"excerpt":{"rendered":"<p>Contenance: 100ml<\/p>\n","protected":false},"featured_media":68,"comment_status":"open","ping_status":"closed","template":"","meta":{"_uag_custom_page_level_css":""},"product_brand":[],"product_cat":[69,74],"product_tag":[34,49,48],"class_list":{"0":"post-141","1":"product","2":"type-product","3":"status-publish","4":"has-post-thumbnail","6":"product_cat-hommes","7":"product_cat-parfums-hommes","8":"product_tag-parfum","9":"product_tag-parfum-homme","10":"product_tag-tete-a-tete","12":"first","13":"instock","14":"featured","15":"shipping-taxable","16":"purchasable","17":"product-type-simple"},"uagb_featured_image_src":{"full":["https:\/\/atchave.com\/wp-content\/uploads\/2024\/01\/Tete-a-tete-long-flacon-parfum-homme.jpg",1080,1920,false],"thumbnail":["https:\/\/atchave.com\/wp-content\/uploads\/2024\/01\/Tete-a-tete-long-flacon-parfum-homme-150x150.jpg",150,150,true],"medium":["https:\/\/atchave.com\/wp-content\/uploads\/2024\/01\/Tete-a-tete-long-flacon-parfum-homme-169x300.jpg",169,300,true],"medium_large":["https:\/\/atchave.com\/wp-content\/uploads\/2024\/01\/Tete-a-tete-long-flacon-parfum-homme-768x1365.jpg",768,1365,true],"large":["https:\/\/atchave.com\/wp-content\/uploads\/2024\/01\/Tete-a-tete-long-flacon-parfum-homme-576x1024.jpg",576,1024,true],"1536x1536":["https:\/\/atchave.com\/wp-content\/uploads\/2024\/01\/Tete-a-tete-long-flacon-parfum-homme-864x1536.jpg",864,1536,true],"2048x2048":["https:\/\/atchave.com\/wp-content\/uploads\/2024\/01\/Tete-a-tete-long-flacon-parfum-homme.jpg",1080,1920,false],"woocommerce_thumbnail":["https:\/\/atchave.com\/wp-content\/uploads\/2024\/01\/Tete-a-tete-long-flacon-parfum-homme-300x300.jpg",300,300,true],"woocommerce_single":["https:\/\/atchave.com\/wp-content\/uploads\/2024\/01\/Tete-a-tete-long-flacon-parfum-homme-600x1067.jpg",600,1067,true],"woocommerce_gallery_thumbnail":["https:\/\/atchave.com\/wp-content\/uploads\/2024\/01\/Tete-a-tete-long-flacon-parfum-homme-100x100.jpg",100,100,true]},"uagb_author_info":{"display_name":"ATCHAVE","author_link":"https:\/\/atchave.com\/index.php\/author\/"},"uagb_comment_info":0,"uagb_excerpt":"Contenance: 100ml","jetpack_sharing_enabled":true,"_links":{"self":[{"href":"https:\/\/atchave.com\/index.php\/wp-json\/wp\/v2\/product\/141","targetHints":{"allow":["GET"]}}],"collection":[{"href":"https:\/\/atchave.com\/index.php\/wp-json\/wp\/v2\/product"}],"about":[{"href":"https:\/\/atchave.com\/index.php\/wp-json\/wp\/v2\/types\/product"}],"replies":[{"embeddable":true,"href":"https:\/\/atchave.com\/index.php\/wp-json\/wp\/v2\/comments?post=141"}],"wp:featuredmedia":[{"embeddable":true,"href":"https:\/\/atchave.com\/index.php\/wp-json\/wp\/v2\/media\/68"}],"wp:attachment":[{"href":"https:\/\/atchave.com\/index.php\/wp-json\/wp\/v2\/media?parent=141"}],"wp:term":[{"taxonomy":"product_brand","embeddable":true,"href":"https:\/\/atchave.com\/index.php\/wp-json\/wp\/v2\/product_brand?post=141"},{"taxonomy":"product_cat","embeddable":true,"href":"https:\/\/atchave.com\/index.php\/wp-json\/wp\/v2\/product_cat?post=141"},{"taxonomy":"product_tag","embeddable":true,"href":"https:\/\/atchave.com\/index.php\/wp-json\/wp\/v2\/product_tag?post=141"}],"curies":[{"name":"wp","href":"https:\/\/api.w.org\/{rel}","templated":true}]}}