{"id":107,"date":"2024-01-07T22:52:54","date_gmt":"2024-01-07T21:52:54","guid":{"rendered":"https:\/\/atchave.com\/?post_type=product&#038;p=107"},"modified":"2025-04-16T15:19:26","modified_gmt":"2025-04-16T13:19:26","slug":"road-to-hades","status":"publish","type":"product","link":"https:\/\/atchave.com\/index.php\/produit\/road-to-hades\/","title":{"rendered":"Road to Hades"},"content":{"rendered":"<p><b>EAU DE TOILETTE<\/b><\/p>\n<p><span style=\"font-weight: 400;\">VAPORISATEUR SPRAL NATUREL<\/span><\/p>\n<p><b>Nom du produit : Parfum GOUDCA Road to Hades<\/b><\/p>\n<p><b>Ingr\u00e9dients :<\/b><span style=\"font-weight: 400;\"> \u00e9thanol, eau, ar\u00f4me, glyc\u00e9rine, paillettes.<\/span><\/p>\n<p><b>Contenu net :<\/b><span style=\"font-weight: 400;\"> 80 ml<\/span><\/p>\n<p>&nbsp;<\/p>\n","protected":false},"excerpt":{"rendered":"<p>EAU DE TOILETTE VAPORISATEUR SPRAL NATUREL Nom du produit : Parfum GOUDCA Road to Hades Ingr\u00e9dients : \u00e9thanol, eau, ar\u00f4me, glyc\u00e9rine, paillettes. Contenu net : 80 ml &nbsp;<\/p>\n","protected":false},"featured_media":75,"comment_status":"open","ping_status":"closed","template":"","meta":{"_uag_custom_page_level_css":""},"product_brand":[],"product_cat":[68,72],"product_tag":[34,36,38],"class_list":{"0":"post-107","1":"product","2":"type-product","3":"status-publish","4":"has-post-thumbnail","6":"product_cat-femmes","7":"product_cat-parfums-femmes","8":"product_tag-parfum","9":"product_tag-parfum-femme","10":"product_tag-road-to-hades","11":"product_shipping_class-produits-fragiles","13":"first","14":"instock","15":"featured","16":"shipping-taxable","17":"purchasable","18":"product-type-simple"},"uagb_featured_image_src":{"full":["https:\/\/atchave.com\/wp-content\/uploads\/2024\/01\/Road-to-hades-parfum-femme-paillete.jpg",1080,1494,false],"thumbnail":["https:\/\/atchave.com\/wp-content\/uploads\/2024\/01\/Road-to-hades-parfum-femme-paillete-150x150.jpg",150,150,true],"medium":["https:\/\/atchave.com\/wp-content\/uploads\/2024\/01\/Road-to-hades-parfum-femme-paillete-217x300.jpg",217,300,true],"medium_large":["https:\/\/atchave.com\/wp-content\/uploads\/2024\/01\/Road-to-hades-parfum-femme-paillete-768x1062.jpg",768,1062,true],"large":["https:\/\/atchave.com\/wp-content\/uploads\/2024\/01\/Road-to-hades-parfum-femme-paillete-740x1024.jpg",740,1024,true],"1536x1536":["https:\/\/atchave.com\/wp-content\/uploads\/2024\/01\/Road-to-hades-parfum-femme-paillete.jpg",1080,1494,false],"2048x2048":["https:\/\/atchave.com\/wp-content\/uploads\/2024\/01\/Road-to-hades-parfum-femme-paillete.jpg",1080,1494,false],"woocommerce_thumbnail":["https:\/\/atchave.com\/wp-content\/uploads\/2024\/01\/Road-to-hades-parfum-femme-paillete-300x300.jpg",300,300,true],"woocommerce_single":["https:\/\/atchave.com\/wp-content\/uploads\/2024\/01\/Road-to-hades-parfum-femme-paillete-600x830.jpg",600,830,true],"woocommerce_gallery_thumbnail":["https:\/\/atchave.com\/wp-content\/uploads\/2024\/01\/Road-to-hades-parfum-femme-paillete-100x100.jpg",100,100,true]},"uagb_author_info":{"display_name":"ATCHAVE","author_link":"https:\/\/atchave.com\/index.php\/author\/"},"uagb_comment_info":0,"uagb_excerpt":"EAU DE TOILETTE VAPORISATEUR SPRAL NATUREL Nom du produit : Parfum GOUDCA Road to Hades Ingr\u00e9dients : \u00e9thanol, eau, ar\u00f4me, glyc\u00e9rine, paillettes. Contenu net : 80 ml &nbsp;","jetpack_sharing_enabled":true,"_links":{"self":[{"href":"https:\/\/atchave.com\/index.php\/wp-json\/wp\/v2\/product\/107","targetHints":{"allow":["GET"]}}],"collection":[{"href":"https:\/\/atchave.com\/index.php\/wp-json\/wp\/v2\/product"}],"about":[{"href":"https:\/\/atchave.com\/index.php\/wp-json\/wp\/v2\/types\/product"}],"replies":[{"embeddable":true,"href":"https:\/\/atchave.com\/index.php\/wp-json\/wp\/v2\/comments?post=107"}],"wp:featuredmedia":[{"embeddable":true,"href":"https:\/\/atchave.com\/index.php\/wp-json\/wp\/v2\/media\/75"}],"wp:attachment":[{"href":"https:\/\/atchave.com\/index.php\/wp-json\/wp\/v2\/media?parent=107"}],"wp:term":[{"taxonomy":"product_brand","embeddable":true,"href":"https:\/\/atchave.com\/index.php\/wp-json\/wp\/v2\/product_brand?post=107"},{"taxonomy":"product_cat","embeddable":true,"href":"https:\/\/atchave.com\/index.php\/wp-json\/wp\/v2\/product_cat?post=107"},{"taxonomy":"product_tag","embeddable":true,"href":"https:\/\/atchave.com\/index.php\/wp-json\/wp\/v2\/product_tag?post=107"}],"curies":[{"name":"wp","href":"https:\/\/api.w.org\/{rel}","templated":true}]}}